{"id":112513,"date":"2024-01-18T16:15:56","date_gmt":"2024-01-18T13:15:56","guid":{"rendered":"https:\/\/coinmuhendisi.com\/blog\/?page_id=112513"},"modified":"2024-08-23T03:57:15","modified_gmt":"2024-08-23T00:57:15","slug":"kripto-para-fiyatlari","status":"publish","type":"page","link":"https:\/\/coinmuhendisi.com\/blog\/kripto-para-fiyatlari\/","title":{"rendered":"Kripto Para Fiyatlar\u0131 &#8211; Anl\u0131k Piyasa Verileri"},"content":{"rendered":"<div class=\"row\"  id=\"row-1363071251\">\n\n\t<div id=\"col-1989535940\" class=\"col medium-1 small-12 large-1\"  >\n\t\t\t\t<div class=\"col-inner\"  >\n\t\t\t\n\t\t\t\n<div class=\"slider-wrapper relative leftslider hide-for-small\" id=\"slider-1604916584\" >\n    <div class=\"slider slider-nav-circle slider-nav-large slider-nav-light slider-style-normal\"\n        data-flickity-options='{\n            \"cellAlign\": \"left\",\n            \"imagesLoaded\": true,\n            \"lazyLoad\": 1,\n            \"freeScroll\": false,\n            \"wrapAround\": true,\n            \"autoPlay\": 4000,\n            \"pauseAutoPlayOnHover\" : true,\n            \"prevNextButtons\": false,\n            \"contain\" : true,\n            \"adaptiveHeight\" : true,\n            \"dragThreshold\" : 10,\n            \"percentPosition\": true,\n            \"pageDots\": false,\n            \"rightToLeft\": false,\n            \"draggable\": true,\n            \"selectedAttraction\": 0.1,\n            \"parallax\" : 0,\n            \"friction\": 0.6        }'\n        >\n        \n\t<div class=\"img has-hover x md-x lg-x y md-y lg-y\" id=\"image_230043832\">\n\t\t<a class=\"\" href=\"https:\/\/accounts.binance.com\/register?ref=O4UDLOHS\" target=\"_blank\" rel=\"noopener noreferrer\" >\t\t\t\t\t\t<div class=\"img-inner dark\" >\n\t\t\t<img loading=\"lazy\" decoding=\"async\" width=\"284\" height=\"1024\" src=\"https:\/\/coinmuhendisi.com\/blog\/wp-content\/uploads\/2023\/08\/Binance-Omur-Boyu-10-indirimli-kayit-ol-1-284x1024.jpg.webp\" class=\"attachment-large size-large\" alt=\"\" srcset=\"https:\/\/coinmuhendisi.com\/blog\/wp-content\/uploads\/2023\/08\/Binance-Omur-Boyu-10-indirimli-kayit-ol-1-284x1024.jpg.webp 284w, https:\/\/coinmuhendisi.com\/blog\/wp-content\/uploads\/2023\/08\/Binance-Omur-Boyu-10-indirimli-kayit-ol-1-284x1024.jpg-83x300.webp 83w\" sizes=\"auto, (max-width: 284px) 100vw, 284px\" \/>\t\t\t\t\t\t\n\t\t\t\t\t<\/div>\n\t\t\t\t\t\t<\/a>\t\t\n<style>\n#image_230043832 {\n  width: 100%;\n}\n<\/style>\n\t<\/div>\n\t\n\t<div class=\"img has-hover leftslider x md-x lg-x y md-y lg-y\" id=\"image_499380626\">\n\t\t<a class=\"\" href=\"https:\/\/www.okx.com\/tr\/join\/INDIRIM\" target=\"_blank\" rel=\"noopener noreferrer\" >\t\t\t\t\t\t<div class=\"img-inner dark\" >\n\t\t\t<img loading=\"lazy\" decoding=\"async\" width=\"284\" height=\"1024\" src=\"https:\/\/coinmuhendisi.com\/blog\/wp-content\/uploads\/2023\/08\/OKX_20_Indiirmli_Reklam_Banneri-284x1024.jpg\" class=\"attachment-large size-large\" alt=\"\" srcset=\"https:\/\/coinmuhendisi.com\/blog\/wp-content\/uploads\/2023\/08\/OKX_20_Indiirmli_Reklam_Banneri-284x1024.jpg 284w, https:\/\/coinmuhendisi.com\/blog\/wp-content\/uploads\/2023\/08\/OKX_20_Indiirmli_Reklam_Banneri-83x300.jpg 83w, https:\/\/coinmuhendisi.com\/blog\/wp-content\/uploads\/2023\/08\/OKX_20_Indiirmli_Reklam_Banneri-scaled.jpg 711w\" sizes=\"auto, (max-width: 284px) 100vw, 284px\" \/>\t\t\t\t\t\t\n\t\t\t\t\t<\/div>\n\t\t\t\t\t\t<\/a>\t\t\n<style>\n#image_499380626 {\n  width: 100%;\n}\n<\/style>\n\t<\/div>\n\t\n     <\/div>\n\n     <div class=\"loading-spin dark large centered\"><\/div>\n\n     \t<\/div>\n\n\n\t\t<\/div>\n\t\t\t\t\t<\/div>\n\n\t\n\n\t<div id=\"col-490515213\" class=\"col medium-10 small-12 large-10\"  >\n\t\t\t\t<div class=\"col-inner\"  >\n\t\t\t\n\t\t\t\n\n<div class=\"crypto_list\">\n<div class=\"crypto_list_header\">\n<div class=\"crypto_list_header_title\">\n<h1>Kripto Para Fiyatlar\u0131 &#8211; Anl\u0131k Piyasa Verileri<\/h1>\n<\/div>\n<div class=\"crypto_list_header_description\">\n<p>Kripto para piyasas\u0131ndaki anl\u0131k fiyat de\u011fi\u015fimlerini ve trendleri takip etmek, do\u011fru yat\u0131r\u0131m kararlar\u0131 alabilmek i\u00e7in vazge\u00e7ilmezdir. <strong>Kripto para fiyatlar\u0131<\/strong> kategorimizde, en pop\u00fcler kripto paralar\u0131n g\u00fcncel fiyatlar\u0131n\u0131 ve piyasa hareketlerini sizlerle bulu\u015fturuyoruz. Bitcoin, Ethereum, Altcoinler ve daha fazlas\u0131n\u0131n fiyatlar\u0131na dair en do\u011fru ve h\u0131zl\u0131 bilgileri bu kategoride bulabilirsiniz. Kripto para d\u00fcnyas\u0131ndaki f\u0131rsatlar\u0131 yakalamak ve piyasay\u0131 yak\u0131ndan izlemek i\u00e7in sayfam\u0131z\u0131 d\u00fczenli olarak ziyaret edin.<\/p>\n<\/div>\n<\/div>\n<div class=\"crypto_list_coin_info_container\">\n<div class=\"crypto_list_coin_info_items\">\n<div class=\"crypto_list_coin_info_items_header bg_yellow bs_bottom\">\n<h3>Trendler<\/h3>\n<\/div>\n<div id=\"coin_list_trends_container\" class=\"crypto_list_coin_info_items_body\">Y\u00fckleniyor&#8230;<\/div>\n<\/div>\n<div class=\"crypto_list_coin_info_items\">\n<div class=\"crypto_list_coin_info_items_header bg_green bs_bottom\">\n<h3>En \u00c7ok Y\u00fckselenler<\/h3>\n<\/div>\n<div id=\"coin_list_winners_container\" class=\"crypto_list_coin_info_items_body\">Y\u00fckleniyor&#8230;<\/div>\n<\/div>\n<div class=\"crypto_list_coin_info_items\">\n<div class=\"crypto_list_coin_info_items_header bg_red bs_bottom\">\n<h3>En \u00c7ok D\u00fc\u015fenler<\/h3>\n<\/div>\n<div id=\"coin_list_losers_container\" class=\"crypto_list_coin_info_items_body\">Y\u00fckleniyor&#8230;<\/div>\n<\/div>\n<\/div>\n<div class=\"crypto_list_table\">\n<div class=\"crypto_list_table_header bs_bottom\">\n<div class=\"crypto_list_table_header_item w-10\">#<\/div>\n<div class=\"crypto_list_table_header_item col-4\">Name<\/div>\n<div class=\"crypto_list_table_header_item col-3 text_right\">Price<\/div>\n<div class=\"crypto_list_table_header_item col-1\">24h%<\/div>\n<div class=\"crypto_list_table_header_item col-4 text_right\">Market Cap Volume(24h)<\/div>\n<\/div>\n<div id=\"coin_list_crypto_list_container\" class=\"crypto_list_table_body\">Y\u00fckleniyor&#8230;<\/div>\n<\/div>\n<\/div>\n\n\t\t<\/div>\n\t\t\t\t\t<\/div>\n\n\t\n\n\t<div id=\"col-1322483347\" class=\"col medium-1 small-12 large-1\"  >\n\t\t\t\t<div class=\"col-inner\"  >\n\t\t\t\n\t\t\t\n<div class=\"slider-wrapper relative rightslider hide-for-small\" id=\"slider-486625719\" >\n    <div class=\"slider slider-nav-circle slider-nav-large slider-nav-light slider-style-normal\"\n        data-flickity-options='{\n            \"cellAlign\": \"center\",\n            \"imagesLoaded\": true,\n            \"lazyLoad\": 1,\n            \"freeScroll\": false,\n            \"wrapAround\": true,\n            \"autoPlay\": 4000,\n            \"pauseAutoPlayOnHover\" : true,\n            \"prevNextButtons\": false,\n            \"contain\" : true,\n            \"adaptiveHeight\" : true,\n            \"dragThreshold\" : 10,\n            \"percentPosition\": true,\n            \"pageDots\": false,\n            \"rightToLeft\": false,\n            \"draggable\": true,\n            \"selectedAttraction\": 0.1,\n            \"parallax\" : 0,\n            \"friction\": 0.6        }'\n        >\n        \n\t<div class=\"img has-hover x md-x lg-x y md-y lg-y\" id=\"image_507404955\">\n\t\t<a class=\"\" href=\"https:\/\/accounts.binance.com\/register?ref=O4UDLOHS\" target=\"_blank\" rel=\"noopener noreferrer\" >\t\t\t\t\t\t<div class=\"img-inner dark\" >\n\t\t\t<img loading=\"lazy\" decoding=\"async\" width=\"284\" height=\"1024\" src=\"https:\/\/coinmuhendisi.com\/blog\/wp-content\/uploads\/2023\/08\/Binance-Omur-Boyu-10-indirimli-kayit-ol-1-284x1024.jpg.webp\" class=\"attachment-large size-large\" alt=\"\" srcset=\"https:\/\/coinmuhendisi.com\/blog\/wp-content\/uploads\/2023\/08\/Binance-Omur-Boyu-10-indirimli-kayit-ol-1-284x1024.jpg.webp 284w, https:\/\/coinmuhendisi.com\/blog\/wp-content\/uploads\/2023\/08\/Binance-Omur-Boyu-10-indirimli-kayit-ol-1-284x1024.jpg-83x300.webp 83w\" sizes=\"auto, (max-width: 284px) 100vw, 284px\" \/>\t\t\t\t\t\t\n\t\t\t\t\t<\/div>\n\t\t\t\t\t\t<\/a>\t\t\n<style>\n#image_507404955 {\n  width: 100%;\n}\n<\/style>\n\t<\/div>\n\t\n\t<div class=\"img has-hover x md-x lg-x y md-y lg-y\" id=\"image_1722889248\">\n\t\t<a class=\"\" href=\"https:\/\/www.okx.com\/tr\/join\/INDIRIM\" target=\"_blank\" rel=\"noopener noreferrer\" >\t\t\t\t\t\t<div class=\"img-inner dark\" >\n\t\t\t<img loading=\"lazy\" decoding=\"async\" width=\"284\" height=\"1024\" src=\"https:\/\/coinmuhendisi.com\/blog\/wp-content\/uploads\/2023\/08\/OKX_20_Indiirmli_Reklam_Banneri-284x1024.jpg\" class=\"attachment-large size-large\" alt=\"\" srcset=\"https:\/\/coinmuhendisi.com\/blog\/wp-content\/uploads\/2023\/08\/OKX_20_Indiirmli_Reklam_Banneri-284x1024.jpg 284w, https:\/\/coinmuhendisi.com\/blog\/wp-content\/uploads\/2023\/08\/OKX_20_Indiirmli_Reklam_Banneri-83x300.jpg 83w, https:\/\/coinmuhendisi.com\/blog\/wp-content\/uploads\/2023\/08\/OKX_20_Indiirmli_Reklam_Banneri-scaled.jpg 711w\" sizes=\"auto, (max-width: 284px) 100vw, 284px\" \/>\t\t\t\t\t\t\n\t\t\t\t\t<\/div>\n\t\t\t\t\t\t<\/a>\t\t\n<style>\n#image_1722889248 {\n  width: 100%;\n}\n<\/style>\n\t<\/div>\n\t\n     <\/div>\n\n     <div class=\"loading-spin dark large centered\"><\/div>\n\n     \t<\/div>\n\n\n\t\t<\/div>\n\t\t\t\t\t<\/div>\n\n\t\n\n<style>\n#row-1363071251 > .col > .col-inner {\n  padding: px 0px 0px 0px;\n}\n<\/style>\n<\/div>\n\n<p><script>\nvar coin_list_price_currency = 'USD';\n<\/script><br \/>\n\n","protected":false},"excerpt":{"rendered":"","protected":false},"author":11,"featured_media":0,"parent":0,"menu_order":0,"comment_status":"closed","ping_status":"closed","template":"page-blank.php","meta":{"footnotes":""},"class_list":["post-112513","page","type-page","status-publish","hentry"],"yoast_head":"<!-- This site is optimized with the Yoast SEO Premium plugin v26.8 (Yoast SEO v27.3) - https:\/\/yoast.com\/product\/yoast-seo-premium-wordpress\/ -->\n<title>Kripto Para Fiyatlar\u0131 - Anl\u0131k Piyasa Verileri - Coin M\u00fchendisi<\/title>\n<meta name=\"description\" content=\"Kripto para fiyatlar\u0131 i\u00e7in sayfam\u0131z\u0131 ziyaret ederek anl\u0131k fiyatlar\u0131 g\u00f6rebilirsiniz. Bitcoin ve altcoin fiyatlar\u0131 i\u00e7in do\u011fru yerdesiniz.\" \/>\n<meta name=\"robots\" content=\"index, follow, max-snippet:-1, max-image-preview:large, max-video-preview:-1\" \/>\n<link rel=\"canonical\" href=\"https:\/\/coinmuhendisi.com\/blog\/kripto-para-fiyatlari\/\" \/>\n<meta property=\"og:locale\" content=\"tr_TR\" \/>\n<meta property=\"og:type\" content=\"article\" \/>\n<meta property=\"og:title\" content=\"Kripto Para Fiyatlar\u0131 - Anl\u0131k Piyasa Verileri\" \/>\n<meta property=\"og:description\" content=\"Kripto para fiyatlar\u0131 i\u00e7in sayfam\u0131z\u0131 ziyaret ederek anl\u0131k fiyatlar\u0131 g\u00f6rebilirsiniz. Bitcoin ve altcoin fiyatlar\u0131 i\u00e7in do\u011fru yerdesiniz.\" \/>\n<meta property=\"og:url\" content=\"https:\/\/coinmuhendisi.com\/blog\/kripto-para-fiyatlari\/\" \/>\n<meta property=\"og:site_name\" content=\"Coin M\u00fchendisi\" \/>\n<meta property=\"article:publisher\" content=\"https:\/\/www.facebook.com\/coinmuhendisi\" \/>\n<meta property=\"article:modified_time\" content=\"2024-08-23T00:57:15+00:00\" \/>\n<meta property=\"og:image\" content=\"https:\/\/coinmuhendisi.com\/blog\/wp-content\/uploads\/2023\/03\/Coin-Muhendisi.jpg\" \/>\n\t<meta property=\"og:image:width\" content=\"1280\" \/>\n\t<meta property=\"og:image:height\" content=\"720\" \/>\n\t<meta property=\"og:image:type\" content=\"image\/jpeg\" \/>\n<meta name=\"twitter:card\" content=\"summary_large_image\" \/>\n<meta name=\"twitter:site\" content=\"@coinmuhendisim\" \/>\n<meta name=\"twitter:label1\" content=\"Tahmini okuma s\u00fcresi\" \/>\n\t<meta name=\"twitter:data1\" content=\"1 dakika\" \/>\n<script type=\"application\/ld+json\" class=\"yoast-schema-graph\">{\"@context\":\"https:\\\/\\\/schema.org\",\"@graph\":[{\"@type\":\"WebPage\",\"@id\":\"https:\\\/\\\/coinmuhendisi.com\\\/blog\\\/kripto-para-fiyatlari\\\/\",\"url\":\"https:\\\/\\\/coinmuhendisi.com\\\/blog\\\/kripto-para-fiyatlari\\\/\",\"name\":\"Kripto Para Fiyatlar\u0131 - Anl\u0131k Piyasa Verileri - Coin M\u00fchendisi\",\"isPartOf\":{\"@id\":\"https:\\\/\\\/coinmuhendisi.com\\\/blog\\\/#website\"},\"datePublished\":\"2024-01-18T13:15:56+00:00\",\"dateModified\":\"2024-08-23T00:57:15+00:00\",\"description\":\"Kripto para fiyatlar\u0131 i\u00e7in sayfam\u0131z\u0131 ziyaret ederek anl\u0131k fiyatlar\u0131 g\u00f6rebilirsiniz. Bitcoin ve altcoin fiyatlar\u0131 i\u00e7in do\u011fru yerdesiniz.\",\"breadcrumb\":{\"@id\":\"https:\\\/\\\/coinmuhendisi.com\\\/blog\\\/kripto-para-fiyatlari\\\/#breadcrumb\"},\"inLanguage\":\"tr\",\"potentialAction\":[{\"@type\":\"ReadAction\",\"target\":[\"https:\\\/\\\/coinmuhendisi.com\\\/blog\\\/kripto-para-fiyatlari\\\/\"]}]},{\"@type\":\"BreadcrumbList\",\"@id\":\"https:\\\/\\\/coinmuhendisi.com\\\/blog\\\/kripto-para-fiyatlari\\\/#breadcrumb\",\"itemListElement\":[{\"@type\":\"ListItem\",\"position\":1,\"name\":\"Anasayfa\",\"item\":\"https:\\\/\\\/coinmuhendisi.com\\\/blog\\\/\"},{\"@type\":\"ListItem\",\"position\":2,\"name\":\"Kripto Para Fiyatlar\u0131 &#8211; Anl\u0131k Piyasa Verileri\"}]},{\"@type\":\"WebSite\",\"@id\":\"https:\\\/\\\/coinmuhendisi.com\\\/blog\\\/#website\",\"url\":\"https:\\\/\\\/coinmuhendisi.com\\\/blog\\\/\",\"name\":\"Coin M\u00fchendisi\",\"description\":\"Kripto para, airdrop, bilgi ve haber payla\u015f\u0131mlar\u0131 i\u00e7in do\u011fru adrestesiniz.\",\"publisher\":{\"@id\":\"https:\\\/\\\/coinmuhendisi.com\\\/blog\\\/#organization\"},\"potentialAction\":[{\"@type\":\"SearchAction\",\"target\":{\"@type\":\"EntryPoint\",\"urlTemplate\":\"https:\\\/\\\/coinmuhendisi.com\\\/blog\\\/?s={search_term_string}\"},\"query-input\":{\"@type\":\"PropertyValueSpecification\",\"valueRequired\":true,\"valueName\":\"search_term_string\"}}],\"inLanguage\":\"tr\"},{\"@type\":\"Organization\",\"@id\":\"https:\\\/\\\/coinmuhendisi.com\\\/blog\\\/#organization\",\"name\":\"Coin M\u00fchendisi\",\"url\":\"https:\\\/\\\/coinmuhendisi.com\\\/blog\\\/\",\"logo\":{\"@type\":\"ImageObject\",\"inLanguage\":\"tr\",\"@id\":\"https:\\\/\\\/coinmuhendisi.com\\\/blog\\\/#\\\/schema\\\/logo\\\/image\\\/\",\"url\":\"https:\\\/\\\/coinmuhendisi.com\\\/blog\\\/wp-content\\\/uploads\\\/2022\\\/12\\\/Coin-Muhendisi-Logo.png\",\"contentUrl\":\"https:\\\/\\\/coinmuhendisi.com\\\/blog\\\/wp-content\\\/uploads\\\/2022\\\/12\\\/Coin-Muhendisi-Logo.png\",\"width\":1000,\"height\":1000,\"caption\":\"Coin M\u00fchendisi\"},\"image\":{\"@id\":\"https:\\\/\\\/coinmuhendisi.com\\\/blog\\\/#\\\/schema\\\/logo\\\/image\\\/\"},\"sameAs\":[\"https:\\\/\\\/www.facebook.com\\\/coinmuhendisi\",\"https:\\\/\\\/x.com\\\/coinmuhendisim\",\"https:\\\/\\\/www.linkedin.com\\\/company\\\/coinmuhendisi\",\"https:\\\/\\\/www.instagram.com\\\/coinmuhendisi\\\/\",\"https:\\\/\\\/www.youtube.com\\\/c\\\/CoinMuhendisi\",\"https:\\\/\\\/t.me\\\/Coinmuhendisi\"]}]}<\/script>\n<!-- \/ Yoast SEO Premium plugin. -->","yoast_head_json":{"title":"Kripto Para Fiyatlar\u0131 - Anl\u0131k Piyasa Verileri - Coin M\u00fchendisi","description":"Kripto para fiyatlar\u0131 i\u00e7in sayfam\u0131z\u0131 ziyaret ederek anl\u0131k fiyatlar\u0131 g\u00f6rebilirsiniz. Bitcoin ve altcoin fiyatlar\u0131 i\u00e7in do\u011fru yerdesiniz.","robots":{"index":"index","follow":"follow","max-snippet":"max-snippet:-1","max-image-preview":"max-image-preview:large","max-video-preview":"max-video-preview:-1"},"canonical":"https:\/\/coinmuhendisi.com\/blog\/kripto-para-fiyatlari\/","og_locale":"tr_TR","og_type":"article","og_title":"Kripto Para Fiyatlar\u0131 - Anl\u0131k Piyasa Verileri","og_description":"Kripto para fiyatlar\u0131 i\u00e7in sayfam\u0131z\u0131 ziyaret ederek anl\u0131k fiyatlar\u0131 g\u00f6rebilirsiniz. Bitcoin ve altcoin fiyatlar\u0131 i\u00e7in do\u011fru yerdesiniz.","og_url":"https:\/\/coinmuhendisi.com\/blog\/kripto-para-fiyatlari\/","og_site_name":"Coin M\u00fchendisi","article_publisher":"https:\/\/www.facebook.com\/coinmuhendisi","article_modified_time":"2024-08-23T00:57:15+00:00","og_image":[{"width":1280,"height":720,"url":"https:\/\/coinmuhendisi.com\/blog\/wp-content\/uploads\/2023\/03\/Coin-Muhendisi.jpg","type":"image\/jpeg"}],"twitter_card":"summary_large_image","twitter_site":"@coinmuhendisim","twitter_misc":{"Tahmini okuma s\u00fcresi":"1 dakika"},"schema":{"@context":"https:\/\/schema.org","@graph":[{"@type":"WebPage","@id":"https:\/\/coinmuhendisi.com\/blog\/kripto-para-fiyatlari\/","url":"https:\/\/coinmuhendisi.com\/blog\/kripto-para-fiyatlari\/","name":"Kripto Para Fiyatlar\u0131 - Anl\u0131k Piyasa Verileri - Coin M\u00fchendisi","isPartOf":{"@id":"https:\/\/coinmuhendisi.com\/blog\/#website"},"datePublished":"2024-01-18T13:15:56+00:00","dateModified":"2024-08-23T00:57:15+00:00","description":"Kripto para fiyatlar\u0131 i\u00e7in sayfam\u0131z\u0131 ziyaret ederek anl\u0131k fiyatlar\u0131 g\u00f6rebilirsiniz. Bitcoin ve altcoin fiyatlar\u0131 i\u00e7in do\u011fru yerdesiniz.","breadcrumb":{"@id":"https:\/\/coinmuhendisi.com\/blog\/kripto-para-fiyatlari\/#breadcrumb"},"inLanguage":"tr","potentialAction":[{"@type":"ReadAction","target":["https:\/\/coinmuhendisi.com\/blog\/kripto-para-fiyatlari\/"]}]},{"@type":"BreadcrumbList","@id":"https:\/\/coinmuhendisi.com\/blog\/kripto-para-fiyatlari\/#breadcrumb","itemListElement":[{"@type":"ListItem","position":1,"name":"Anasayfa","item":"https:\/\/coinmuhendisi.com\/blog\/"},{"@type":"ListItem","position":2,"name":"Kripto Para Fiyatlar\u0131 &#8211; Anl\u0131k Piyasa Verileri"}]},{"@type":"WebSite","@id":"https:\/\/coinmuhendisi.com\/blog\/#website","url":"https:\/\/coinmuhendisi.com\/blog\/","name":"Coin M\u00fchendisi","description":"Kripto para, airdrop, bilgi ve haber payla\u015f\u0131mlar\u0131 i\u00e7in do\u011fru adrestesiniz.","publisher":{"@id":"https:\/\/coinmuhendisi.com\/blog\/#organization"},"potentialAction":[{"@type":"SearchAction","target":{"@type":"EntryPoint","urlTemplate":"https:\/\/coinmuhendisi.com\/blog\/?s={search_term_string}"},"query-input":{"@type":"PropertyValueSpecification","valueRequired":true,"valueName":"search_term_string"}}],"inLanguage":"tr"},{"@type":"Organization","@id":"https:\/\/coinmuhendisi.com\/blog\/#organization","name":"Coin M\u00fchendisi","url":"https:\/\/coinmuhendisi.com\/blog\/","logo":{"@type":"ImageObject","inLanguage":"tr","@id":"https:\/\/coinmuhendisi.com\/blog\/#\/schema\/logo\/image\/","url":"https:\/\/coinmuhendisi.com\/blog\/wp-content\/uploads\/2022\/12\/Coin-Muhendisi-Logo.png","contentUrl":"https:\/\/coinmuhendisi.com\/blog\/wp-content\/uploads\/2022\/12\/Coin-Muhendisi-Logo.png","width":1000,"height":1000,"caption":"Coin M\u00fchendisi"},"image":{"@id":"https:\/\/coinmuhendisi.com\/blog\/#\/schema\/logo\/image\/"},"sameAs":["https:\/\/www.facebook.com\/coinmuhendisi","https:\/\/x.com\/coinmuhendisim","https:\/\/www.linkedin.com\/company\/coinmuhendisi","https:\/\/www.instagram.com\/coinmuhendisi\/","https:\/\/www.youtube.com\/c\/CoinMuhendisi","https:\/\/t.me\/Coinmuhendisi"]}]}},"_links":{"self":[{"href":"https:\/\/coinmuhendisi.com\/blog\/wp-json\/wp\/v2\/pages\/112513","targetHints":{"allow":["GET"]}}],"collection":[{"href":"https:\/\/coinmuhendisi.com\/blog\/wp-json\/wp\/v2\/pages"}],"about":[{"href":"https:\/\/coinmuhendisi.com\/blog\/wp-json\/wp\/v2\/types\/page"}],"author":[{"embeddable":true,"href":"https:\/\/coinmuhendisi.com\/blog\/wp-json\/wp\/v2\/users\/11"}],"replies":[{"embeddable":true,"href":"https:\/\/coinmuhendisi.com\/blog\/wp-json\/wp\/v2\/comments?post=112513"}],"version-history":[{"count":12,"href":"https:\/\/coinmuhendisi.com\/blog\/wp-json\/wp\/v2\/pages\/112513\/revisions"}],"predecessor-version":[{"id":133613,"href":"https:\/\/coinmuhendisi.com\/blog\/wp-json\/wp\/v2\/pages\/112513\/revisions\/133613"}],"wp:attachment":[{"href":"https:\/\/coinmuhendisi.com\/blog\/wp-json\/wp\/v2\/media?parent=112513"}],"curies":[{"name":"wp","href":"https:\/\/api.w.org\/{rel}","templated":true}]}}