{"id":103638,"date":"2023-10-06T13:45:53","date_gmt":"2023-10-06T10:45:53","guid":{"rendered":"https:\/\/coinmuhendisi.com\/blog\/?page_id=103638"},"modified":"2023-10-06T13:45:53","modified_gmt":"2023-10-06T10:45:53","slug":"defi-projeleri","status":"publish","type":"page","link":"https:\/\/coinmuhendisi.com\/blog\/proje-incelemeleri\/defi-projeleri\/","title":{"rendered":"DeFi Projeleri"},"content":{"rendered":"","protected":false},"excerpt":{"rendered":"","protected":false},"author":11,"featured_media":0,"parent":103636,"menu_order":0,"comment_status":"closed","ping_status":"closed","template":"","meta":{"footnotes":""},"class_list":["post-103638","page","type-page","status-publish","hentry"],"yoast_head":"<!-- This site is optimized with the Yoast SEO Premium plugin v26.8 (Yoast SEO v27.5) - https:\/\/yoast.com\/product\/yoast-seo-premium-wordpress\/ -->\n<title>DeFi Projeleri - Coin M\u00fchendisi<\/title>\n<meta name=\"robots\" content=\"index, follow, max-snippet:-1, max-image-preview:large, max-video-preview:-1\" \/>\n<link rel=\"canonical\" href=\"https:\/\/coinmuhendisi.com\/blog\/proje-incelemeleri\/defi-projeleri\/\" \/>\n<meta property=\"og:locale\" content=\"tr_TR\" \/>\n<meta property=\"og:type\" content=\"article\" \/>\n<meta property=\"og:title\" content=\"DeFi Projeleri\" \/>\n<meta property=\"og:url\" content=\"https:\/\/coinmuhendisi.com\/blog\/proje-incelemeleri\/defi-projeleri\/\" \/>\n<meta property=\"og:site_name\" content=\"Coin M\u00fchendisi\" \/>\n<meta property=\"article:publisher\" content=\"https:\/\/www.facebook.com\/coinmuhendisi\" \/>\n<meta property=\"og:image\" content=\"https:\/\/coinmuhendisi.com\/blog\/wp-content\/uploads\/2023\/03\/Coin-Muhendisi.jpg\" \/>\n\t<meta property=\"og:image:width\" content=\"1280\" \/>\n\t<meta property=\"og:image:height\" content=\"720\" \/>\n\t<meta property=\"og:image:type\" content=\"image\/jpeg\" \/>\n<meta name=\"twitter:card\" content=\"summary_large_image\" \/>\n<meta name=\"twitter:site\" content=\"@coinmuhendisim\" \/>\n<script type=\"application\/ld+json\" class=\"yoast-schema-graph\">{\"@context\":\"https:\\\/\\\/schema.org\",\"@graph\":[{\"@type\":\"WebPage\",\"@id\":\"https:\\\/\\\/coinmuhendisi.com\\\/blog\\\/proje-incelemeleri\\\/defi-projeleri\\\/\",\"url\":\"https:\\\/\\\/coinmuhendisi.com\\\/blog\\\/proje-incelemeleri\\\/defi-projeleri\\\/\",\"name\":\"DeFi Projeleri - Coin M\u00fchendisi\",\"isPartOf\":{\"@id\":\"https:\\\/\\\/coinmuhendisi.com\\\/blog\\\/#website\"},\"datePublished\":\"2023-10-06T10:45:53+00:00\",\"breadcrumb\":{\"@id\":\"https:\\\/\\\/coinmuhendisi.com\\\/blog\\\/proje-incelemeleri\\\/defi-projeleri\\\/#breadcrumb\"},\"inLanguage\":\"tr\",\"potentialAction\":[{\"@type\":\"ReadAction\",\"target\":[\"https:\\\/\\\/coinmuhendisi.com\\\/blog\\\/proje-incelemeleri\\\/defi-projeleri\\\/\"]}]},{\"@type\":\"BreadcrumbList\",\"@id\":\"https:\\\/\\\/coinmuhendisi.com\\\/blog\\\/proje-incelemeleri\\\/defi-projeleri\\\/#breadcrumb\",\"itemListElement\":[{\"@type\":\"ListItem\",\"position\":1,\"name\":\"Anasayfa\",\"item\":\"https:\\\/\\\/coinmuhendisi.com\\\/blog\\\/\"},{\"@type\":\"ListItem\",\"position\":2,\"name\":\"Proje \u0130ncelemeleri\",\"item\":\"https:\\\/\\\/coinmuhendisi.com\\\/blog\\\/proje-incelemeleri\\\/\"},{\"@type\":\"ListItem\",\"position\":3,\"name\":\"DeFi Projeleri\"}]},{\"@type\":\"WebSite\",\"@id\":\"https:\\\/\\\/coinmuhendisi.com\\\/blog\\\/#website\",\"url\":\"https:\\\/\\\/coinmuhendisi.com\\\/blog\\\/\",\"name\":\"Coin M\u00fchendisi\",\"description\":\"Kripto para, airdrop, bilgi ve haber payla\u015f\u0131mlar\u0131 i\u00e7in do\u011fru adrestesiniz.\",\"publisher\":{\"@id\":\"https:\\\/\\\/coinmuhendisi.com\\\/blog\\\/#organization\"},\"potentialAction\":[{\"@type\":\"SearchAction\",\"target\":{\"@type\":\"EntryPoint\",\"urlTemplate\":\"https:\\\/\\\/coinmuhendisi.com\\\/blog\\\/?s={search_term_string}\"},\"query-input\":{\"@type\":\"PropertyValueSpecification\",\"valueRequired\":true,\"valueName\":\"search_term_string\"}}],\"inLanguage\":\"tr\"},{\"@type\":\"Organization\",\"@id\":\"https:\\\/\\\/coinmuhendisi.com\\\/blog\\\/#organization\",\"name\":\"Coin M\u00fchendisi\",\"url\":\"https:\\\/\\\/coinmuhendisi.com\\\/blog\\\/\",\"logo\":{\"@type\":\"ImageObject\",\"inLanguage\":\"tr\",\"@id\":\"https:\\\/\\\/coinmuhendisi.com\\\/blog\\\/#\\\/schema\\\/logo\\\/image\\\/\",\"url\":\"https:\\\/\\\/coinmuhendisi.com\\\/blog\\\/wp-content\\\/uploads\\\/2022\\\/12\\\/Coin-Muhendisi-Logo.png\",\"contentUrl\":\"https:\\\/\\\/coinmuhendisi.com\\\/blog\\\/wp-content\\\/uploads\\\/2022\\\/12\\\/Coin-Muhendisi-Logo.png\",\"width\":1000,\"height\":1000,\"caption\":\"Coin M\u00fchendisi\"},\"image\":{\"@id\":\"https:\\\/\\\/coinmuhendisi.com\\\/blog\\\/#\\\/schema\\\/logo\\\/image\\\/\"},\"sameAs\":[\"https:\\\/\\\/www.facebook.com\\\/coinmuhendisi\",\"https:\\\/\\\/x.com\\\/coinmuhendisim\",\"https:\\\/\\\/www.linkedin.com\\\/company\\\/coinmuhendisi\",\"https:\\\/\\\/www.instagram.com\\\/coinmuhendisi\\\/\",\"https:\\\/\\\/www.youtube.com\\\/c\\\/CoinMuhendisi\",\"https:\\\/\\\/t.me\\\/Coinmuhendisi\"]}]}<\/script>\n<!-- \/ Yoast SEO Premium plugin. -->","yoast_head_json":{"title":"DeFi Projeleri - Coin M\u00fchendisi","robots":{"index":"index","follow":"follow","max-snippet":"max-snippet:-1","max-image-preview":"max-image-preview:large","max-video-preview":"max-video-preview:-1"},"canonical":"https:\/\/coinmuhendisi.com\/blog\/proje-incelemeleri\/defi-projeleri\/","og_locale":"tr_TR","og_type":"article","og_title":"DeFi Projeleri","og_url":"https:\/\/coinmuhendisi.com\/blog\/proje-incelemeleri\/defi-projeleri\/","og_site_name":"Coin M\u00fchendisi","article_publisher":"https:\/\/www.facebook.com\/coinmuhendisi","og_image":[{"width":1280,"height":720,"url":"https:\/\/coinmuhendisi.com\/blog\/wp-content\/uploads\/2023\/03\/Coin-Muhendisi.jpg","type":"image\/jpeg"}],"twitter_card":"summary_large_image","twitter_site":"@coinmuhendisim","schema":{"@context":"https:\/\/schema.org","@graph":[{"@type":"WebPage","@id":"https:\/\/coinmuhendisi.com\/blog\/proje-incelemeleri\/defi-projeleri\/","url":"https:\/\/coinmuhendisi.com\/blog\/proje-incelemeleri\/defi-projeleri\/","name":"DeFi Projeleri - Coin M\u00fchendisi","isPartOf":{"@id":"https:\/\/coinmuhendisi.com\/blog\/#website"},"datePublished":"2023-10-06T10:45:53+00:00","breadcrumb":{"@id":"https:\/\/coinmuhendisi.com\/blog\/proje-incelemeleri\/defi-projeleri\/#breadcrumb"},"inLanguage":"tr","potentialAction":[{"@type":"ReadAction","target":["https:\/\/coinmuhendisi.com\/blog\/proje-incelemeleri\/defi-projeleri\/"]}]},{"@type":"BreadcrumbList","@id":"https:\/\/coinmuhendisi.com\/blog\/proje-incelemeleri\/defi-projeleri\/#breadcrumb","itemListElement":[{"@type":"ListItem","position":1,"name":"Anasayfa","item":"https:\/\/coinmuhendisi.com\/blog\/"},{"@type":"ListItem","position":2,"name":"Proje \u0130ncelemeleri","item":"https:\/\/coinmuhendisi.com\/blog\/proje-incelemeleri\/"},{"@type":"ListItem","position":3,"name":"DeFi Projeleri"}]},{"@type":"WebSite","@id":"https:\/\/coinmuhendisi.com\/blog\/#website","url":"https:\/\/coinmuhendisi.com\/blog\/","name":"Coin M\u00fchendisi","description":"Kripto para, airdrop, bilgi ve haber payla\u015f\u0131mlar\u0131 i\u00e7in do\u011fru adrestesiniz.","publisher":{"@id":"https:\/\/coinmuhendisi.com\/blog\/#organization"},"potentialAction":[{"@type":"SearchAction","target":{"@type":"EntryPoint","urlTemplate":"https:\/\/coinmuhendisi.com\/blog\/?s={search_term_string}"},"query-input":{"@type":"PropertyValueSpecification","valueRequired":true,"valueName":"search_term_string"}}],"inLanguage":"tr"},{"@type":"Organization","@id":"https:\/\/coinmuhendisi.com\/blog\/#organization","name":"Coin M\u00fchendisi","url":"https:\/\/coinmuhendisi.com\/blog\/","logo":{"@type":"ImageObject","inLanguage":"tr","@id":"https:\/\/coinmuhendisi.com\/blog\/#\/schema\/logo\/image\/","url":"https:\/\/coinmuhendisi.com\/blog\/wp-content\/uploads\/2022\/12\/Coin-Muhendisi-Logo.png","contentUrl":"https:\/\/coinmuhendisi.com\/blog\/wp-content\/uploads\/2022\/12\/Coin-Muhendisi-Logo.png","width":1000,"height":1000,"caption":"Coin M\u00fchendisi"},"image":{"@id":"https:\/\/coinmuhendisi.com\/blog\/#\/schema\/logo\/image\/"},"sameAs":["https:\/\/www.facebook.com\/coinmuhendisi","https:\/\/x.com\/coinmuhendisim","https:\/\/www.linkedin.com\/company\/coinmuhendisi","https:\/\/www.instagram.com\/coinmuhendisi\/","https:\/\/www.youtube.com\/c\/CoinMuhendisi","https:\/\/t.me\/Coinmuhendisi"]}]}},"_links":{"self":[{"href":"https:\/\/coinmuhendisi.com\/blog\/wp-json\/wp\/v2\/pages\/103638","targetHints":{"allow":["GET"]}}],"collection":[{"href":"https:\/\/coinmuhendisi.com\/blog\/wp-json\/wp\/v2\/pages"}],"about":[{"href":"https:\/\/coinmuhendisi.com\/blog\/wp-json\/wp\/v2\/types\/page"}],"author":[{"embeddable":true,"href":"https:\/\/coinmuhendisi.com\/blog\/wp-json\/wp\/v2\/users\/11"}],"replies":[{"embeddable":true,"href":"https:\/\/coinmuhendisi.com\/blog\/wp-json\/wp\/v2\/comments?post=103638"}],"version-history":[{"count":1,"href":"https:\/\/coinmuhendisi.com\/blog\/wp-json\/wp\/v2\/pages\/103638\/revisions"}],"predecessor-version":[{"id":103639,"href":"https:\/\/coinmuhendisi.com\/blog\/wp-json\/wp\/v2\/pages\/103638\/revisions\/103639"}],"up":[{"embeddable":true,"href":"https:\/\/coinmuhendisi.com\/blog\/wp-json\/wp\/v2\/pages\/103636"}],"wp:attachment":[{"href":"https:\/\/coinmuhendisi.com\/blog\/wp-json\/wp\/v2\/media?parent=103638"}],"curies":[{"name":"wp","href":"https:\/\/api.w.org\/{rel}","templated":true}]}}